{"id":1903,"date":"2023-05-03T10:36:19","date_gmt":"2023-05-03T10:36:19","guid":{"rendered":"https:\/\/treppensteiger-treppenraupen.de\/?page_id=1903"},"modified":"2023-05-08T09:30:11","modified_gmt":"2023-05-08T09:30:11","slug":"service","status":"publish","type":"page","link":"https:\/\/treppensteiger-treppenraupen.de\/en\/service","title":{"rendered":"SERVICES"},"content":{"rendered":"<div data-elementor-type=\"wp-page\" data-elementor-id=\"1903\" class=\"elementor elementor-1903\" data-elementor-post-type=\"page\">\n\t\t\t\t\t\t<section class=\"elementor-section elementor-top-section elementor-element elementor-element-4a5f841 elementor-section-height-min-height elementor-section-boxed elementor-section-height-default elementor-section-items-middle\" data-id=\"4a5f841\" data-element_type=\"section\" data-e-type=\"section\" data-settings=\"{&quot;background_background&quot;:&quot;classic&quot;}\">\n\t\t\t\t\t\t<div class=\"elementor-container elementor-column-gap-default\">\n\t\t\t\t\t<div class=\"elementor-column elementor-col-50 elementor-top-column elementor-element elementor-element-25e56f4 elementor-invisible\" data-id=\"25e56f4\" data-element_type=\"column\" data-e-type=\"column\" data-settings=\"{&quot;animation&quot;:&quot;slideInLeft&quot;}\">\n\t\t\t<div class=\"elementor-widget-wrap elementor-element-populated\">\n\t\t\t\t\t\t<div class=\"elementor-element elementor-element-fdc8be1 elementor-widget elementor-widget-heading\" data-id=\"fdc8be1\" data-element_type=\"widget\" data-e-type=\"widget\" data-widget_type=\"heading.default\">\n\t\t\t\t<div class=\"elementor-widget-container\">\n\t\t\t\t\t<h1 class=\"elementor-heading-title elementor-size-xl\">SERVICE<\/h1>\t\t\t\t<\/div>\n\t\t\t\t<\/div>\n\t\t\t\t<div class=\"elementor-element elementor-element-e3b6c3d elementor-widget elementor-widget-heading\" data-id=\"e3b6c3d\" data-element_type=\"widget\" data-e-type=\"widget\" data-widget_type=\"heading.default\">\n\t\t\t\t<div class=\"elementor-widget-container\">\n\t\t\t\t\t<h2 class=\"elementor-heading-title elementor-size-default\">EVALUATION OF THE OPERATIONAL ENVIRONMENT AND PRODUCT PRESENTATION<\/h2>\t\t\t\t<\/div>\n\t\t\t\t<\/div>\n\t\t\t\t\t<\/div>\n\t\t<\/div>\n\t\t\t\t<div class=\"elementor-column elementor-col-50 elementor-top-column elementor-element elementor-element-f5dd8c7\" data-id=\"f5dd8c7\" data-element_type=\"column\" data-e-type=\"column\">\n\t\t\t<div class=\"elementor-widget-wrap elementor-element-populated\">\n\t\t\t\t\t\t<div class=\"elementor-element elementor-element-7516f23 elementor-invisible elementor-widget elementor-widget-image\" data-id=\"7516f23\" data-element_type=\"widget\" data-e-type=\"widget\" data-settings=\"{&quot;_animation&quot;:&quot;slideInRight&quot;}\" data-widget_type=\"image.default\">\n\t\t\t\t<div class=\"elementor-widget-container\">\n\t\t\t\t\t<img fetchpriority=\"high\" decoding=\"async\" width=\"250\" height=\"250\" src=\"https:\/\/treppensteiger-treppenraupen.de\/wp-content\/uploads\/service-treppenlifte-treppensteiger01.jpg\" class=\"attachment-full size-full wp-image-2165\" alt=\"Service - Treppenlifte Treppensteiger\" srcset=\"https:\/\/treppensteiger-treppenraupen.de\/wp-content\/uploads\/service-treppenlifte-treppensteiger01.jpg 250w, https:\/\/treppensteiger-treppenraupen.de\/wp-content\/uploads\/service-treppenlifte-treppensteiger01-150x150.jpg 150w, https:\/\/treppensteiger-treppenraupen.de\/wp-content\/uploads\/service-treppenlifte-treppensteiger01-12x12.jpg 12w\" sizes=\"(max-width: 250px) 100vw, 250px\" \/>\t\t\t\t<\/div>\n\t\t\t\t<\/div>\n\t\t\t\t\t<\/div>\n\t\t<\/div>\n\t\t\t\t\t<\/div>\n\t\t<\/section>\n\t\t\t\t<section class=\"elementor-section elementor-top-section elementor-element elementor-element-61cdc39 elementor-section-boxed elementor-section-height-default elementor-section-height-default\" data-id=\"61cdc39\" data-element_type=\"section\" data-e-type=\"section\" data-settings=\"{&quot;background_background&quot;:&quot;classic&quot;}\">\n\t\t\t\t\t\t<div class=\"elementor-container elementor-column-gap-default\">\n\t\t\t\t\t<div class=\"elementor-column elementor-col-100 elementor-top-column elementor-element elementor-element-7a8fee6\" data-id=\"7a8fee6\" data-element_type=\"column\" data-e-type=\"column\">\n\t\t\t<div class=\"elementor-widget-wrap elementor-element-populated\">\n\t\t\t\t\t\t<div class=\"elementor-element elementor-element-51e909c elementor-widget__width-initial elementor-widget-mobile__width-inherit elementor-vertical-align-top elementor-widget elementor-widget-image-box\" data-id=\"51e909c\" data-element_type=\"widget\" data-e-type=\"widget\" data-widget_type=\"image-box.default\">\n\t\t\t\t<div class=\"elementor-widget-container\">\n\t\t\t\t\t<div class=\"elementor-image-box-wrapper\"><div class=\"elementor-image-box-content\"><p class=\"elementor-image-box-description\">Please contact our office in N\u00fcrnberg. We will arrange an appointment with our area salesman.<\/p><\/div><\/div>\t\t\t\t<\/div>\n\t\t\t\t<\/div>\n\t\t\t\t<div class=\"elementor-element elementor-element-99e31e9 elementor-widget__width-auto elementor-mobile-align-center elementor-widget-mobile__width-inherit elementor-widget elementor-widget-button\" data-id=\"99e31e9\" data-element_type=\"widget\" data-e-type=\"widget\" data-widget_type=\"button.default\">\n\t\t\t\t<div class=\"elementor-widget-container\">\n\t\t\t\t\t<div class=\"elementor-button-wrapper\">\n\t\t\t\t\t<a class=\"elementor-button elementor-button-link elementor-size-md\" href=\"\/kontakt\">\n\t\t\t\t\t\t<span class=\"elementor-button-content-wrapper\">\n\t\t\t\t\t\t\t\t\t<span class=\"elementor-button-text\">CONTACT<\/span>\n\t\t\t\t\t<\/span>\n\t\t\t\t\t<\/a>\n\t\t\t\t<\/div>\t\t\t\t<\/div>\n\t\t\t\t<\/div>\n\t\t\t\t\t<\/div>\n\t\t<\/div>\n\t\t\t\t\t<\/div>\n\t\t<\/section>\n\t\t\t\t<section class=\"elementor-section elementor-top-section elementor-element elementor-element-f63b34d elementor-section-content-middle elementor-section-boxed elementor-section-height-default elementor-section-height-default\" data-id=\"f63b34d\" data-element_type=\"section\" data-e-type=\"section\">\n\t\t\t\t\t\t<div class=\"elementor-container elementor-column-gap-default\">\n\t\t\t\t\t<div class=\"elementor-column elementor-col-100 elementor-top-column elementor-element elementor-element-ab747b1\" data-id=\"ab747b1\" data-element_type=\"column\" data-e-type=\"column\">\n\t\t\t<div class=\"elementor-widget-wrap elementor-element-populated\">\n\t\t\t\t\t\t<div class=\"elementor-element elementor-element-df0f960 elementor-vertical-align-top elementor-widget elementor-widget-image-box\" data-id=\"df0f960\" data-element_type=\"widget\" data-e-type=\"widget\" data-widget_type=\"image-box.default\">\n\t\t\t\t<div class=\"elementor-widget-container\">\n\t\t\t\t\t<div class=\"elementor-image-box-wrapper\"><div class=\"elementor-image-box-content\"><h3 class=\"elementor-image-box-title\">What happens at the product presentation?<\/h3><p class=\"elementor-image-box-description\">The operational environment such as staircase, landings etc. will be evaluated for its suitability. The operating person will be given the possibilty to handle and test the product.<\/p><\/div><\/div>\t\t\t\t<\/div>\n\t\t\t\t<\/div>\n\t\t\t\t<div class=\"elementor-element elementor-element-bd939fe elementor-widget elementor-widget-spacer\" data-id=\"bd939fe\" data-element_type=\"widget\" data-e-type=\"widget\" data-widget_type=\"spacer.default\">\n\t\t\t\t<div class=\"elementor-widget-container\">\n\t\t\t\t\t<div class=\"elementor-spacer\">\n\t\t\t<div class=\"elementor-spacer-inner\"><\/div>\n\t\t<\/div>\t\t\t\t<\/div>\n\t\t\t\t<\/div>\n\t\t\t\t<div class=\"elementor-element elementor-element-15402db elementor-position-left elementor-vertical-align-middle elementor-widget elementor-widget-image-box\" data-id=\"15402db\" data-element_type=\"widget\" data-e-type=\"widget\" data-widget_type=\"image-box.default\">\n\t\t\t\t<div class=\"elementor-widget-container\">\n\t\t\t\t\t<div class=\"elementor-image-box-wrapper\"><figure class=\"elementor-image-box-img\"><img decoding=\"async\" width=\"768\" height=\"406\" src=\"https:\/\/treppensteiger-treppenraupen.de\/wp-content\/uploads\/service-treppenifte-nuernberg02.jpg\" class=\"attachment-full size-full wp-image-1921\" alt=\"Was passiert bei der Vorf\u00fchrung vor Ort?\" srcset=\"https:\/\/treppensteiger-treppenraupen.de\/wp-content\/uploads\/service-treppenifte-nuernberg02.jpg 768w, https:\/\/treppensteiger-treppenraupen.de\/wp-content\/uploads\/service-treppenifte-nuernberg02-300x159.jpg 300w\" sizes=\"(max-width: 768px) 100vw, 768px\" \/><\/figure><div class=\"elementor-image-box-content\"><h3 class=\"elementor-image-box-title\">   <\/h3><p class=\"elementor-image-box-description\">If after a positive evaluation, the product is being delivered, our staff will instruct the operation person meticulously into the use of the product. These practical instructions will be recorded and a document must be signed by customer and TGR staff accordingly.<\/p><\/div><\/div>\t\t\t\t<\/div>\n\t\t\t\t<\/div>\n\t\t\t\t\t<\/div>\n\t\t<\/div>\n\t\t\t\t\t<\/div>\n\t\t<\/section>\n\t\t\t\t<\/div>","protected":false},"excerpt":{"rendered":"<p>UNSER SERVICE F\u00dcR SIE PR\u00dcFUNG DER \u00d6RTLICHEN VERH\u00c4LTNISSE MIT GER\u00c4TEVORF\u00dcHRUNG Bei Interesse wenden Sie sich bitte an unser B\u00fcro in N\u00fcrnberg. Es wird ein Termin vor Ort bei Ihnen mit unserem Au\u00dfendienstmitarbeiter vereinbart. KONTAKT Was passiert bei der Vorf\u00fchrung vor Ort? Dabei wird gepr\u00fcft, ob die Beschaffenheit der Treppe f\u00fcr den Einsatz des Ger\u00e4ts geeignet [&hellip;]<\/p>\n","protected":false},"author":1,"featured_media":0,"parent":0,"menu_order":0,"comment_status":"closed","ping_status":"closed","template":"","meta":{"footnotes":""},"class_list":["post-1903","page","type-page","status-publish","hentry"],"yoast_head":"<!-- This site is optimized with the Yoast SEO plugin v27.4 - https:\/\/yoast.com\/product\/yoast-seo-wordpress\/ -->\n<title>SERVICE - TGR GmbH<\/title>\n<meta name=\"description\" content=\"Die TGR GmbH aus N\u00fcrnberg bietet Pr\u00fcfung der \u00f6rtlichen Verh\u00e4ltnisse mit Ger\u00e4tevorf\u00fchrung und Einweisung in den Betrieb als festen Service an.\" \/>\n<meta name=\"robots\" content=\"index, follow, max-snippet:-1, max-image-preview:large, max-video-preview:-1\" \/>\n<link rel=\"canonical\" href=\"https:\/\/treppensteiger-treppenraupen.de\/en\/service\/\" \/>\n<meta property=\"og:locale\" content=\"en_GB\" \/>\n<meta property=\"og:type\" content=\"article\" \/>\n<meta property=\"og:title\" content=\"SERVICE - TGR GmbH\" \/>\n<meta property=\"og:description\" content=\"Die TGR GmbH aus N\u00fcrnberg bietet Pr\u00fcfung der \u00f6rtlichen Verh\u00e4ltnisse mit Ger\u00e4tevorf\u00fchrung und Einweisung in den Betrieb als festen Service an.\" \/>\n<meta property=\"og:url\" content=\"https:\/\/treppensteiger-treppenraupen.de\/en\/service\/\" \/>\n<meta property=\"og:site_name\" content=\"TGR GmbH\" \/>\n<meta property=\"article:modified_time\" content=\"2023-05-08T09:30:11+00:00\" \/>\n<meta property=\"og:image\" content=\"https:\/\/treppensteiger-treppenraupen.de\/wp-content\/uploads\/service-treppenlifte-treppensteiger01.jpg\" \/>\n<meta name=\"twitter:card\" content=\"summary_large_image\" \/>\n<meta name=\"twitter:label1\" content=\"Estimated reading time\" \/>\n\t<meta name=\"twitter:data1\" content=\"2 minutes\" \/>\n<script type=\"application\/ld+json\" class=\"yoast-schema-graph\">{\"@context\":\"https:\\\/\\\/schema.org\",\"@graph\":[{\"@type\":\"WebPage\",\"@id\":\"https:\\\/\\\/treppensteiger-treppenraupen.de\\\/service\",\"url\":\"https:\\\/\\\/treppensteiger-treppenraupen.de\\\/service\",\"name\":\"SERVICE - TGR GmbH\",\"isPartOf\":{\"@id\":\"https:\\\/\\\/treppensteiger-treppenraupen.de\\\/#website\"},\"primaryImageOfPage\":{\"@id\":\"https:\\\/\\\/treppensteiger-treppenraupen.de\\\/service#primaryimage\"},\"image\":{\"@id\":\"https:\\\/\\\/treppensteiger-treppenraupen.de\\\/service#primaryimage\"},\"thumbnailUrl\":\"https:\\\/\\\/treppensteiger-treppenraupen.de\\\/wp-content\\\/uploads\\\/service-treppenlifte-treppensteiger01.jpg\",\"datePublished\":\"2023-05-03T10:36:19+00:00\",\"dateModified\":\"2023-05-08T09:30:11+00:00\",\"description\":\"Die TGR GmbH aus N\u00fcrnberg bietet Pr\u00fcfung der \u00f6rtlichen Verh\u00e4ltnisse mit Ger\u00e4tevorf\u00fchrung und Einweisung in den Betrieb als festen Service an.\",\"breadcrumb\":{\"@id\":\"https:\\\/\\\/treppensteiger-treppenraupen.de\\\/service#breadcrumb\"},\"inLanguage\":\"en-GB\",\"potentialAction\":[{\"@type\":\"ReadAction\",\"target\":[\"https:\\\/\\\/treppensteiger-treppenraupen.de\\\/service\"]}]},{\"@type\":\"ImageObject\",\"inLanguage\":\"en-GB\",\"@id\":\"https:\\\/\\\/treppensteiger-treppenraupen.de\\\/service#primaryimage\",\"url\":\"https:\\\/\\\/treppensteiger-treppenraupen.de\\\/wp-content\\\/uploads\\\/service-treppenlifte-treppensteiger01.jpg\",\"contentUrl\":\"https:\\\/\\\/treppensteiger-treppenraupen.de\\\/wp-content\\\/uploads\\\/service-treppenlifte-treppensteiger01.jpg\"},{\"@type\":\"BreadcrumbList\",\"@id\":\"https:\\\/\\\/treppensteiger-treppenraupen.de\\\/service#breadcrumb\",\"itemListElement\":[{\"@type\":\"ListItem\",\"position\":1,\"name\":\"Startseite\",\"item\":\"https:\\\/\\\/treppensteiger-treppenraupen.de\\\/\"},{\"@type\":\"ListItem\",\"position\":2,\"name\":\"SERVICE\"}]},{\"@type\":\"WebSite\",\"@id\":\"https:\\\/\\\/treppensteiger-treppenraupen.de\\\/#website\",\"url\":\"https:\\\/\\\/treppensteiger-treppenraupen.de\\\/\",\"name\":\"TGR GmbH\",\"description\":\"Deutscher Vertriebspartner des italienischen Herstellers TGR S.r.l.\",\"publisher\":{\"@id\":\"https:\\\/\\\/treppensteiger-treppenraupen.de\\\/#organization\"},\"potentialAction\":[{\"@type\":\"SearchAction\",\"target\":{\"@type\":\"EntryPoint\",\"urlTemplate\":\"https:\\\/\\\/treppensteiger-treppenraupen.de\\\/?s={search_term_string}\"},\"query-input\":{\"@type\":\"PropertyValueSpecification\",\"valueRequired\":true,\"valueName\":\"search_term_string\"}}],\"inLanguage\":\"en-GB\"},{\"@type\":\"Organization\",\"@id\":\"https:\\\/\\\/treppensteiger-treppenraupen.de\\\/#organization\",\"name\":\"TGR GmbH\",\"url\":\"https:\\\/\\\/treppensteiger-treppenraupen.de\\\/\",\"logo\":{\"@type\":\"ImageObject\",\"inLanguage\":\"en-GB\",\"@id\":\"https:\\\/\\\/treppensteiger-treppenraupen.de\\\/#\\\/schema\\\/logo\\\/image\\\/\",\"url\":\"https:\\\/\\\/treppensteiger-treppenraupen.de\\\/wp-content\\\/uploads\\\/logo-30.png\",\"contentUrl\":\"https:\\\/\\\/treppensteiger-treppenraupen.de\\\/wp-content\\\/uploads\\\/logo-30.png\",\"width\":62,\"height\":91,\"caption\":\"TGR GmbH\"},\"image\":{\"@id\":\"https:\\\/\\\/treppensteiger-treppenraupen.de\\\/#\\\/schema\\\/logo\\\/image\\\/\"}}]}<\/script>\n<!-- \/ Yoast SEO plugin. -->","yoast_head_json":{"title":"SERVICE - TGR GmbH","description":"Die TGR GmbH aus N\u00fcrnberg bietet Pr\u00fcfung der \u00f6rtlichen Verh\u00e4ltnisse mit Ger\u00e4tevorf\u00fchrung und Einweisung in den Betrieb als festen Service an.","robots":{"index":"index","follow":"follow","max-snippet":"max-snippet:-1","max-image-preview":"max-image-preview:large","max-video-preview":"max-video-preview:-1"},"canonical":"https:\/\/treppensteiger-treppenraupen.de\/en\/service\/","og_locale":"en_GB","og_type":"article","og_title":"SERVICE - TGR GmbH","og_description":"Die TGR GmbH aus N\u00fcrnberg bietet Pr\u00fcfung der \u00f6rtlichen Verh\u00e4ltnisse mit Ger\u00e4tevorf\u00fchrung und Einweisung in den Betrieb als festen Service an.","og_url":"https:\/\/treppensteiger-treppenraupen.de\/en\/service\/","og_site_name":"TGR GmbH","article_modified_time":"2023-05-08T09:30:11+00:00","og_image":[{"url":"https:\/\/treppensteiger-treppenraupen.de\/wp-content\/uploads\/service-treppenlifte-treppensteiger01.jpg","type":"","width":"","height":""}],"twitter_card":"summary_large_image","twitter_misc":{"Estimated reading time":"2 minutes"},"schema":{"@context":"https:\/\/schema.org","@graph":[{"@type":"WebPage","@id":"https:\/\/treppensteiger-treppenraupen.de\/service","url":"https:\/\/treppensteiger-treppenraupen.de\/service","name":"SERVICE - TGR GmbH","isPartOf":{"@id":"https:\/\/treppensteiger-treppenraupen.de\/#website"},"primaryImageOfPage":{"@id":"https:\/\/treppensteiger-treppenraupen.de\/service#primaryimage"},"image":{"@id":"https:\/\/treppensteiger-treppenraupen.de\/service#primaryimage"},"thumbnailUrl":"https:\/\/treppensteiger-treppenraupen.de\/wp-content\/uploads\/service-treppenlifte-treppensteiger01.jpg","datePublished":"2023-05-03T10:36:19+00:00","dateModified":"2023-05-08T09:30:11+00:00","description":"Die TGR GmbH aus N\u00fcrnberg bietet Pr\u00fcfung der \u00f6rtlichen Verh\u00e4ltnisse mit Ger\u00e4tevorf\u00fchrung und Einweisung in den Betrieb als festen Service an.","breadcrumb":{"@id":"https:\/\/treppensteiger-treppenraupen.de\/service#breadcrumb"},"inLanguage":"en-GB","potentialAction":[{"@type":"ReadAction","target":["https:\/\/treppensteiger-treppenraupen.de\/service"]}]},{"@type":"ImageObject","inLanguage":"en-GB","@id":"https:\/\/treppensteiger-treppenraupen.de\/service#primaryimage","url":"https:\/\/treppensteiger-treppenraupen.de\/wp-content\/uploads\/service-treppenlifte-treppensteiger01.jpg","contentUrl":"https:\/\/treppensteiger-treppenraupen.de\/wp-content\/uploads\/service-treppenlifte-treppensteiger01.jpg"},{"@type":"BreadcrumbList","@id":"https:\/\/treppensteiger-treppenraupen.de\/service#breadcrumb","itemListElement":[{"@type":"ListItem","position":1,"name":"Startseite","item":"https:\/\/treppensteiger-treppenraupen.de\/"},{"@type":"ListItem","position":2,"name":"SERVICE"}]},{"@type":"WebSite","@id":"https:\/\/treppensteiger-treppenraupen.de\/#website","url":"https:\/\/treppensteiger-treppenraupen.de\/","name":"TGR GmbH","description":"Deutscher Vertriebspartner des italienischen Herstellers TGR S.r.l.","publisher":{"@id":"https:\/\/treppensteiger-treppenraupen.de\/#organization"},"potentialAction":[{"@type":"SearchAction","target":{"@type":"EntryPoint","urlTemplate":"https:\/\/treppensteiger-treppenraupen.de\/?s={search_term_string}"},"query-input":{"@type":"PropertyValueSpecification","valueRequired":true,"valueName":"search_term_string"}}],"inLanguage":"en-GB"},{"@type":"Organization","@id":"https:\/\/treppensteiger-treppenraupen.de\/#organization","name":"TGR GmbH","url":"https:\/\/treppensteiger-treppenraupen.de\/","logo":{"@type":"ImageObject","inLanguage":"en-GB","@id":"https:\/\/treppensteiger-treppenraupen.de\/#\/schema\/logo\/image\/","url":"https:\/\/treppensteiger-treppenraupen.de\/wp-content\/uploads\/logo-30.png","contentUrl":"https:\/\/treppensteiger-treppenraupen.de\/wp-content\/uploads\/logo-30.png","width":62,"height":91,"caption":"TGR GmbH"},"image":{"@id":"https:\/\/treppensteiger-treppenraupen.de\/#\/schema\/logo\/image\/"}}]}},"_links":{"self":[{"href":"https:\/\/treppensteiger-treppenraupen.de\/en\/wp-json\/wp\/v2\/pages\/1903","targetHints":{"allow":["GET"]}}],"collection":[{"href":"https:\/\/treppensteiger-treppenraupen.de\/en\/wp-json\/wp\/v2\/pages"}],"about":[{"href":"https:\/\/treppensteiger-treppenraupen.de\/en\/wp-json\/wp\/v2\/types\/page"}],"author":[{"embeddable":true,"href":"https:\/\/treppensteiger-treppenraupen.de\/en\/wp-json\/wp\/v2\/users\/1"}],"replies":[{"embeddable":true,"href":"https:\/\/treppensteiger-treppenraupen.de\/en\/wp-json\/wp\/v2\/comments?post=1903"}],"version-history":[{"count":0,"href":"https:\/\/treppensteiger-treppenraupen.de\/en\/wp-json\/wp\/v2\/pages\/1903\/revisions"}],"wp:attachment":[{"href":"https:\/\/treppensteiger-treppenraupen.de\/en\/wp-json\/wp\/v2\/media?parent=1903"}],"curies":[{"name":"wp","href":"https:\/\/api.w.org\/{rel}","templated":true}]}}