{"id":1819,"date":"2023-05-02T14:44:35","date_gmt":"2023-05-02T14:44:35","guid":{"rendered":"https:\/\/treppensteiger-treppenraupen.de\/?page_id=1819"},"modified":"2023-05-08T07:46:03","modified_gmt":"2023-05-08T07:46:03","slug":"hub-rollstuhl","status":"publish","type":"page","link":"https:\/\/treppensteiger-treppenraupen.de\/en\/hub-rollstuhl","title":{"rendered":"ROLLING CHAIR"},"content":{"rendered":"<div data-elementor-type=\"wp-page\" data-elementor-id=\"1819\" class=\"elementor elementor-1819\" data-elementor-post-type=\"page\">\n\t\t\t\t\t\t<section class=\"elementor-section elementor-top-section elementor-element elementor-element-4a5f841 elementor-section-height-min-height elementor-section-boxed elementor-section-height-default elementor-section-items-middle\" data-id=\"4a5f841\" data-element_type=\"section\" data-e-type=\"section\" data-settings=\"{&quot;background_background&quot;:&quot;classic&quot;}\">\n\t\t\t\t\t\t<div class=\"elementor-container elementor-column-gap-default\">\n\t\t\t\t\t<div class=\"elementor-column elementor-col-50 elementor-top-column elementor-element elementor-element-25e56f4 elementor-invisible\" data-id=\"25e56f4\" data-element_type=\"column\" data-e-type=\"column\" data-settings=\"{&quot;animation&quot;:&quot;slideInLeft&quot;}\">\n\t\t\t<div class=\"elementor-widget-wrap elementor-element-populated\">\n\t\t\t\t\t\t<div class=\"elementor-element elementor-element-fdc8be1 elementor-widget__width-initial elementor-widget elementor-widget-heading\" data-id=\"fdc8be1\" data-element_type=\"widget\" data-e-type=\"widget\" data-widget_type=\"heading.default\">\n\t\t\t\t<div class=\"elementor-widget-container\">\n\t\t\t\t\t<h1 class=\"elementor-heading-title elementor-size-default\">SUPREMA<\/h1>\t\t\t\t<\/div>\n\t\t\t\t<\/div>\n\t\t\t\t<div class=\"elementor-element elementor-element-e3b6c3d elementor-widget elementor-widget-heading\" data-id=\"e3b6c3d\" data-element_type=\"widget\" data-e-type=\"widget\" data-widget_type=\"heading.default\">\n\t\t\t\t<div class=\"elementor-widget-container\">\n\t\t\t\t\t<h2 class=\"elementor-heading-title elementor-size-default\">ROLLING CHAIR WITH LEVER MECHANISM<\/h2>\t\t\t\t<\/div>\n\t\t\t\t<\/div>\n\t\t\t\t\t<\/div>\n\t\t<\/div>\n\t\t\t\t<div class=\"elementor-column elementor-col-50 elementor-top-column elementor-element elementor-element-f5dd8c7\" data-id=\"f5dd8c7\" data-element_type=\"column\" data-e-type=\"column\">\n\t\t\t<div class=\"elementor-widget-wrap elementor-element-populated\">\n\t\t\t\t\t\t<div class=\"elementor-element elementor-element-7516f23 elementor-invisible elementor-widget elementor-widget-image\" data-id=\"7516f23\" data-element_type=\"widget\" data-e-type=\"widget\" data-settings=\"{&quot;_animation&quot;:&quot;slideInRight&quot;}\" data-widget_type=\"image.default\">\n\t\t\t\t<div class=\"elementor-widget-container\">\n\t\t\t\t\t<img fetchpriority=\"high\" decoding=\"async\" width=\"250\" height=\"250\" src=\"https:\/\/treppensteiger-treppenraupen.de\/wp-content\/uploads\/hub-rollstuhl01.jpg\" class=\"attachment-full size-full wp-image-1846\" alt=\"HUB-ROLLSTUHL SUPREMA\" srcset=\"https:\/\/treppensteiger-treppenraupen.de\/wp-content\/uploads\/hub-rollstuhl01.jpg 250w, https:\/\/treppensteiger-treppenraupen.de\/wp-content\/uploads\/hub-rollstuhl01-150x150.jpg 150w\" sizes=\"(max-width: 250px) 100vw, 250px\" \/>\t\t\t\t<\/div>\n\t\t\t\t<\/div>\n\t\t\t\t\t<\/div>\n\t\t<\/div>\n\t\t\t\t\t<\/div>\n\t\t<\/section>\n\t\t\t\t<section class=\"elementor-section elementor-top-section elementor-element elementor-element-61cdc39 elementor-section-boxed elementor-section-height-default elementor-section-height-default\" data-id=\"61cdc39\" data-element_type=\"section\" data-e-type=\"section\" data-settings=\"{&quot;background_background&quot;:&quot;classic&quot;}\">\n\t\t\t\t\t\t<div class=\"elementor-container elementor-column-gap-default\">\n\t\t\t\t\t<div class=\"elementor-column elementor-col-100 elementor-top-column elementor-element elementor-element-7a8fee6\" data-id=\"7a8fee6\" data-element_type=\"column\" data-e-type=\"column\">\n\t\t\t<div class=\"elementor-widget-wrap elementor-element-populated\">\n\t\t\t\t\t\t<div class=\"elementor-element elementor-element-51e909c elementor-widget__width-initial elementor-widget-mobile__width-inherit elementor-vertical-align-top elementor-invisible elementor-widget elementor-widget-image-box\" data-id=\"51e909c\" data-element_type=\"widget\" data-e-type=\"widget\" data-settings=\"{&quot;_animation&quot;:&quot;slideInUp&quot;}\" data-widget_type=\"image-box.default\">\n\t\t\t\t<div class=\"elementor-widget-container\">\n\t\t\t\t\t<div class=\"elementor-image-box-wrapper\"><div class=\"elementor-image-box-content\"><h3 class=\"elementor-image-box-title\">Comfortable for your home and office<\/h3><p class=\"elementor-image-box-description\">Suprema is a comfortable and silent rolling chair for interior use. It helps the user in everyday situations, when otherwise human help would be needed. It also supports the integration of handicapped people in working surroundings.<\/p><\/div><\/div>\t\t\t\t<\/div>\n\t\t\t\t<\/div>\n\t\t\t\t<div class=\"elementor-element elementor-element-ba68ac4 elementor-widget__width-initial elementor-widget-mobile__width-inherit elementor-vertical-align-top elementor-invisible elementor-widget elementor-widget-image-box\" data-id=\"ba68ac4\" data-element_type=\"widget\" data-e-type=\"widget\" data-settings=\"{&quot;_animation&quot;:&quot;slideInUp&quot;}\" data-widget_type=\"image-box.default\">\n\t\t\t\t<div class=\"elementor-widget-container\">\n\t\t\t\t\t<div class=\"elementor-image-box-wrapper\"><div class=\"elementor-image-box-content\"><h3 class=\"elementor-image-box-title\">Long life<\/h3><p class=\"elementor-image-box-description\">All models are equipped with two batteries for longer using terms and greater autonomy. The machine switches automatically from one battery to the other. Charging of the batteries is easily done on the electrical socket.<\/p><\/div><\/div>\t\t\t\t<\/div>\n\t\t\t\t<\/div>\n\t\t\t\t<div class=\"elementor-element elementor-element-1773761 elementor-widget__width-initial elementor-widget-mobile__width-inherit elementor-vertical-align-top elementor-invisible elementor-widget elementor-widget-image-box\" data-id=\"1773761\" data-element_type=\"widget\" data-e-type=\"widget\" data-settings=\"{&quot;_animation&quot;:&quot;slideInUp&quot;}\" data-widget_type=\"image-box.default\">\n\t\t\t\t<div class=\"elementor-widget-container\">\n\t\t\t\t\t<div class=\"elementor-image-box-wrapper\"><div class=\"elementor-image-box-content\"><h3 class=\"elementor-image-box-title\">Adjustable in height<\/h3><p class=\"elementor-image-box-description\">The seat can be lowered to a far extent so as to enable the user to pick up things lying on the floor. On the other hand the seat can rise as far as to for instance enable the passenger to take out objects from a shelve.<\/p><\/div><\/div>\t\t\t\t<\/div>\n\t\t\t\t<\/div>\n\t\t\t\t\t<\/div>\n\t\t<\/div>\n\t\t\t\t\t<\/div>\n\t\t<\/section>\n\t\t\t\t<section class=\"elementor-section elementor-top-section elementor-element elementor-element-4b32675 elementor-section-boxed elementor-section-height-default elementor-section-height-default\" data-id=\"4b32675\" data-element_type=\"section\" data-e-type=\"section\">\n\t\t\t\t\t\t<div class=\"elementor-container elementor-column-gap-default\">\n\t\t\t\t\t<div class=\"elementor-column elementor-col-50 elementor-top-column elementor-element elementor-element-fb7fc25\" data-id=\"fb7fc25\" data-element_type=\"column\" data-e-type=\"column\">\n\t\t\t<div class=\"elementor-widget-wrap elementor-element-populated\">\n\t\t\t\t\t\t<div class=\"elementor-element elementor-element-8049a49 elementor-widget__width-initial elementor-widget elementor-widget-text-editor\" data-id=\"8049a49\" data-element_type=\"widget\" data-e-type=\"widget\" data-widget_type=\"text-editor.default\">\n\t\t\t\t<div class=\"elementor-widget-container\">\n\t\t\t\t\t<p>For motion on the plane the rolling chair Suprema is directed with a practical joystick. Two velocities can be choosen.<br \/><br \/><\/p><p><strong><b>Suprema 2009 Super:<\/b><\/strong>\u00a0Hubfunktion, Sitzh\u00f6he minimal 43 cm, maximal 74 cm<\/p><h5><strong><b><span style=\"color: #01539f;\">Comfort models<\/span><\/b><\/strong><\/h5><p><strong>Suprema 2009 Relax:<\/strong>\u00a0in addition to the elevating function (minimum height of the seat 43 cm, maximum height 63 cm) the seat can be inclined backwards up to 12 \u00b0. This inclinating function can also be used as support for standing up.<\/p><p><strong><b>in addition to the elevating function (minimum height of the seat 43 cm, maximum height 74 cm) the seat can drive out in forward direction as far as 20 cm. This sliding function can also be used as support for standing up.<\/b><\/strong>\u00a0in addition to the elevating function (minimum height of the seat 43 cm, maximum height 74 cm) the seat can drive out in forward direction as far as 20 cm. This sliding function can also be used as support for standing up.<\/p>\t\t\t\t<\/div>\n\t\t\t\t<\/div>\n\t\t\t\t<div class=\"elementor-element elementor-element-3af4717 elementor-widget elementor-widget-button\" data-id=\"3af4717\" data-element_type=\"widget\" data-e-type=\"widget\" data-widget_type=\"button.default\">\n\t\t\t\t<div class=\"elementor-widget-container\">\n\t\t\t\t\t<div class=\"elementor-button-wrapper\">\n\t\t\t\t\t<a class=\"elementor-button elementor-button-link elementor-size-md\" href=\"\/kontakt\">\n\t\t\t\t\t\t<span class=\"elementor-button-content-wrapper\">\n\t\t\t\t\t\t\t\t\t<span class=\"elementor-button-text\">CONTACT<\/span>\n\t\t\t\t\t<\/span>\n\t\t\t\t\t<\/a>\n\t\t\t\t<\/div>\t\t\t\t<\/div>\n\t\t\t\t<\/div>\n\t\t\t\t\t<\/div>\n\t\t<\/div>\n\t\t\t\t<div class=\"elementor-column elementor-col-50 elementor-top-column elementor-element elementor-element-501a3b2\" data-id=\"501a3b2\" data-element_type=\"column\" data-e-type=\"column\" data-settings=\"{&quot;background_background&quot;:&quot;classic&quot;}\">\n\t\t\t<div class=\"elementor-widget-wrap elementor-element-populated\">\n\t\t\t\t\t\t<div class=\"elementor-element elementor-element-870574c elementor-widget elementor-widget-heading\" data-id=\"870574c\" data-element_type=\"widget\" data-e-type=\"widget\" data-widget_type=\"heading.default\">\n\t\t\t\t<div class=\"elementor-widget-container\">\n\t\t\t\t\t<h2 class=\"elementor-heading-title elementor-size-default\">Configuration rolling chair Suprema<\/h2>\t\t\t\t<\/div>\n\t\t\t\t<\/div>\n\t\t\t\t<div class=\"elementor-element elementor-element-0239f91 elementor-widget__width-inherit elementor-icon-list--layout-traditional elementor-list-item-link-full_width elementor-widget elementor-widget-icon-list\" data-id=\"0239f91\" data-element_type=\"widget\" data-e-type=\"widget\" data-widget_type=\"icon-list.default\">\n\t\t\t\t<div class=\"elementor-widget-container\">\n\t\t\t\t\t<ul class=\"elementor-icon-list-items\">\n\t\t\t\t\t\t\t<li class=\"elementor-icon-list-item\">\n\t\t\t\t\t\t\t\t\t\t\t<span class=\"elementor-icon-list-icon\">\n\t\t\t\t\t\t\t<i aria-hidden=\"true\" class=\"fas fa-circle\"><\/i>\t\t\t\t\t\t<\/span>\n\t\t\t\t\t\t\t\t\t\t<span class=\"elementor-icon-list-text\">Two maintenance free batteries<\/span>\n\t\t\t\t\t\t\t\t\t<\/li>\n\t\t\t\t\t\t\t\t<li class=\"elementor-icon-list-item\">\n\t\t\t\t\t\t\t\t\t\t\t<span class=\"elementor-icon-list-icon\">\n\t\t\t\t\t\t\t<i aria-hidden=\"true\" class=\"fas fa-circle\"><\/i>\t\t\t\t\t\t<\/span>\n\t\t\t\t\t\t\t\t\t\t<span class=\"elementor-icon-list-text\">Battery charge indicator<\/span>\n\t\t\t\t\t\t\t\t\t<\/li>\n\t\t\t\t\t\t\t\t<li class=\"elementor-icon-list-item\">\n\t\t\t\t\t\t\t\t\t\t\t<span class=\"elementor-icon-list-icon\">\n\t\t\t\t\t\t\t<i aria-hidden=\"true\" class=\"fas fa-circle\"><\/i>\t\t\t\t\t\t<\/span>\n\t\t\t\t\t\t\t\t\t\t<span class=\"elementor-icon-list-text\">Automatic battery selection<\/span>\n\t\t\t\t\t\t\t\t\t<\/li>\n\t\t\t\t\t\t\t\t<li class=\"elementor-icon-list-item\">\n\t\t\t\t\t\t\t\t\t\t\t<span class=\"elementor-icon-list-icon\">\n\t\t\t\t\t\t\t<i aria-hidden=\"true\" class=\"fas fa-circle\"><\/i>\t\t\t\t\t\t<\/span>\n\t\t\t\t\t\t\t\t\t\t<span class=\"elementor-icon-list-text\">Elevation of seat initiates and stops smoothly<\/span>\n\t\t\t\t\t\t\t\t\t<\/li>\n\t\t\t\t\t\t\t\t<li class=\"elementor-icon-list-item\">\n\t\t\t\t\t\t\t\t\t\t\t<span class=\"elementor-icon-list-icon\">\n\t\t\t\t\t\t\t<i aria-hidden=\"true\" class=\"fas fa-circle\"><\/i>\t\t\t\t\t\t<\/span>\n\t\t\t\t\t\t\t\t\t\t<span class=\"elementor-icon-list-text\">Battery autonomy average 2.5 hours each in continuous operation<\/span>\n\t\t\t\t\t\t\t\t\t<\/li>\n\t\t\t\t\t\t\t\t<li class=\"elementor-icon-list-item\">\n\t\t\t\t\t\t\t\t\t\t\t<span class=\"elementor-icon-list-icon\">\n\t\t\t\t\t\t\t<i aria-hidden=\"true\" class=\"fas fa-circle\"><\/i>\t\t\t\t\t\t<\/span>\n\t\t\t\t\t\t\t\t\t\t<span class=\"elementor-icon-list-text\">Emergency-off button<\/span>\n\t\t\t\t\t\t\t\t\t<\/li>\n\t\t\t\t\t\t\t\t<li class=\"elementor-icon-list-item\">\n\t\t\t\t\t\t\t\t\t\t\t<span class=\"elementor-icon-list-icon\">\n\t\t\t\t\t\t\t<i aria-hidden=\"true\" class=\"fas fa-circle\"><\/i>\t\t\t\t\t\t<\/span>\n\t\t\t\t\t\t\t\t\t\t<span class=\"elementor-icon-list-text\">Direction by joystick<\/span>\n\t\t\t\t\t\t\t\t\t<\/li>\n\t\t\t\t\t\t<\/ul>\t\t\t\t<\/div>\n\t\t\t\t<\/div>\n\t\t\t\t\t<\/div>\n\t\t<\/div>\n\t\t\t\t\t<\/div>\n\t\t<\/section>\n\t\t\t\t<\/div>","protected":false},"excerpt":{"rendered":"<p>HUB-ROLLSTUHL SUPREMA HILFE F\u00dcR DEN ALLTAG Komfortabel f\u00fcr Zuhause und B\u00fcro Der Hubrollstuhl Suprema ist ein komfortabler und leiser Rollstuhl f\u00fcr den Innenraum, der dem Benutzer viele allt\u00e4gliche Erledigungen im Haushalt erm\u00f6glicht, wo er andernfalls auf fremde Hilfe angewiesen ist. Ebenso kann der Suprema bei der Wiedereingliederung des Betroffenen an den Arbeitsplatz helfen, beispielsweise f\u00fcr [&hellip;]<\/p>\n","protected":false},"author":1,"featured_media":0,"parent":0,"menu_order":0,"comment_status":"closed","ping_status":"closed","template":"","meta":{"footnotes":""},"class_list":["post-1819","page","type-page","status-publish","hentry"],"yoast_head":"<!-- This site is optimized with the Yoast SEO plugin v27.4 - https:\/\/yoast.com\/product\/yoast-seo-wordpress\/ -->\n<title>Hub-Rollstuhl Suprema | komfortabler Rollstuhl der TGR N\u00fcrnberg<\/title>\n<meta name=\"description\" content=\"Bei der TGR GmbH N\u00fcrnberg erhalten Sie den Hub-Rollstuhl Suprema, einen alltagstauglichen, komfortablen und leisen Rollstuhl f\u00fcr den Innenraum\" \/>\n<meta name=\"robots\" content=\"index, follow, max-snippet:-1, max-image-preview:large, max-video-preview:-1\" \/>\n<link rel=\"canonical\" href=\"https:\/\/treppensteiger-treppenraupen.de\/en\/hub-rollstuhl\/\" \/>\n<meta property=\"og:locale\" content=\"en_GB\" \/>\n<meta property=\"og:type\" content=\"article\" \/>\n<meta property=\"og:title\" content=\"Hub-Rollstuhl Suprema | komfortabler Rollstuhl der TGR N\u00fcrnberg\" \/>\n<meta property=\"og:description\" content=\"Bei der TGR GmbH N\u00fcrnberg erhalten Sie den Hub-Rollstuhl Suprema, einen alltagstauglichen, komfortablen und leisen Rollstuhl f\u00fcr den Innenraum\" \/>\n<meta property=\"og:url\" content=\"https:\/\/treppensteiger-treppenraupen.de\/en\/hub-rollstuhl\/\" \/>\n<meta property=\"og:site_name\" content=\"TGR GmbH\" \/>\n<meta property=\"article:modified_time\" content=\"2023-05-08T07:46:03+00:00\" \/>\n<meta property=\"og:image\" content=\"https:\/\/treppensteiger-treppenraupen.de\/wp-content\/uploads\/hub-rollstuhl01.jpg\" \/>\n<meta name=\"twitter:card\" content=\"summary_large_image\" \/>\n<meta name=\"twitter:label1\" content=\"Estimated reading time\" \/>\n\t<meta name=\"twitter:data1\" content=\"2 minutes\" \/>\n<script type=\"application\/ld+json\" class=\"yoast-schema-graph\">{\"@context\":\"https:\\\/\\\/schema.org\",\"@graph\":[{\"@type\":\"WebPage\",\"@id\":\"https:\\\/\\\/treppensteiger-treppenraupen.de\\\/hub-rollstuhl\",\"url\":\"https:\\\/\\\/treppensteiger-treppenraupen.de\\\/hub-rollstuhl\",\"name\":\"Hub-Rollstuhl Suprema | komfortabler Rollstuhl der TGR N\u00fcrnberg\",\"isPartOf\":{\"@id\":\"https:\\\/\\\/treppensteiger-treppenraupen.de\\\/#website\"},\"primaryImageOfPage\":{\"@id\":\"https:\\\/\\\/treppensteiger-treppenraupen.de\\\/hub-rollstuhl#primaryimage\"},\"image\":{\"@id\":\"https:\\\/\\\/treppensteiger-treppenraupen.de\\\/hub-rollstuhl#primaryimage\"},\"thumbnailUrl\":\"https:\\\/\\\/treppensteiger-treppenraupen.de\\\/wp-content\\\/uploads\\\/hub-rollstuhl01.jpg\",\"datePublished\":\"2023-05-02T14:44:35+00:00\",\"dateModified\":\"2023-05-08T07:46:03+00:00\",\"description\":\"Bei der TGR GmbH N\u00fcrnberg erhalten Sie den Hub-Rollstuhl Suprema, einen alltagstauglichen, komfortablen und leisen Rollstuhl f\u00fcr den Innenraum\",\"breadcrumb\":{\"@id\":\"https:\\\/\\\/treppensteiger-treppenraupen.de\\\/hub-rollstuhl#breadcrumb\"},\"inLanguage\":\"en-GB\",\"potentialAction\":[{\"@type\":\"ReadAction\",\"target\":[\"https:\\\/\\\/treppensteiger-treppenraupen.de\\\/hub-rollstuhl\"]}]},{\"@type\":\"ImageObject\",\"inLanguage\":\"en-GB\",\"@id\":\"https:\\\/\\\/treppensteiger-treppenraupen.de\\\/hub-rollstuhl#primaryimage\",\"url\":\"https:\\\/\\\/treppensteiger-treppenraupen.de\\\/wp-content\\\/uploads\\\/hub-rollstuhl01.jpg\",\"contentUrl\":\"https:\\\/\\\/treppensteiger-treppenraupen.de\\\/wp-content\\\/uploads\\\/hub-rollstuhl01.jpg\"},{\"@type\":\"BreadcrumbList\",\"@id\":\"https:\\\/\\\/treppensteiger-treppenraupen.de\\\/hub-rollstuhl#breadcrumb\",\"itemListElement\":[{\"@type\":\"ListItem\",\"position\":1,\"name\":\"Startseite\",\"item\":\"https:\\\/\\\/treppensteiger-treppenraupen.de\\\/\"},{\"@type\":\"ListItem\",\"position\":2,\"name\":\"HUB-ROLLSTUHL\"}]},{\"@type\":\"WebSite\",\"@id\":\"https:\\\/\\\/treppensteiger-treppenraupen.de\\\/#website\",\"url\":\"https:\\\/\\\/treppensteiger-treppenraupen.de\\\/\",\"name\":\"TGR GmbH\",\"description\":\"Deutscher Vertriebspartner des italienischen Herstellers TGR S.r.l.\",\"publisher\":{\"@id\":\"https:\\\/\\\/treppensteiger-treppenraupen.de\\\/#organization\"},\"potentialAction\":[{\"@type\":\"SearchAction\",\"target\":{\"@type\":\"EntryPoint\",\"urlTemplate\":\"https:\\\/\\\/treppensteiger-treppenraupen.de\\\/?s={search_term_string}\"},\"query-input\":{\"@type\":\"PropertyValueSpecification\",\"valueRequired\":true,\"valueName\":\"search_term_string\"}}],\"inLanguage\":\"en-GB\"},{\"@type\":\"Organization\",\"@id\":\"https:\\\/\\\/treppensteiger-treppenraupen.de\\\/#organization\",\"name\":\"TGR GmbH\",\"url\":\"https:\\\/\\\/treppensteiger-treppenraupen.de\\\/\",\"logo\":{\"@type\":\"ImageObject\",\"inLanguage\":\"en-GB\",\"@id\":\"https:\\\/\\\/treppensteiger-treppenraupen.de\\\/#\\\/schema\\\/logo\\\/image\\\/\",\"url\":\"https:\\\/\\\/treppensteiger-treppenraupen.de\\\/wp-content\\\/uploads\\\/logo-30.png\",\"contentUrl\":\"https:\\\/\\\/treppensteiger-treppenraupen.de\\\/wp-content\\\/uploads\\\/logo-30.png\",\"width\":62,\"height\":91,\"caption\":\"TGR GmbH\"},\"image\":{\"@id\":\"https:\\\/\\\/treppensteiger-treppenraupen.de\\\/#\\\/schema\\\/logo\\\/image\\\/\"}}]}<\/script>\n<!-- \/ Yoast SEO plugin. -->","yoast_head_json":{"title":"Hub-Rollstuhl Suprema | komfortabler Rollstuhl der TGR N\u00fcrnberg","description":"Bei der TGR GmbH N\u00fcrnberg erhalten Sie den Hub-Rollstuhl Suprema, einen alltagstauglichen, komfortablen und leisen Rollstuhl f\u00fcr den Innenraum","robots":{"index":"index","follow":"follow","max-snippet":"max-snippet:-1","max-image-preview":"max-image-preview:large","max-video-preview":"max-video-preview:-1"},"canonical":"https:\/\/treppensteiger-treppenraupen.de\/en\/hub-rollstuhl\/","og_locale":"en_GB","og_type":"article","og_title":"Hub-Rollstuhl Suprema | komfortabler Rollstuhl der TGR N\u00fcrnberg","og_description":"Bei der TGR GmbH N\u00fcrnberg erhalten Sie den Hub-Rollstuhl Suprema, einen alltagstauglichen, komfortablen und leisen Rollstuhl f\u00fcr den Innenraum","og_url":"https:\/\/treppensteiger-treppenraupen.de\/en\/hub-rollstuhl\/","og_site_name":"TGR GmbH","article_modified_time":"2023-05-08T07:46:03+00:00","og_image":[{"url":"https:\/\/treppensteiger-treppenraupen.de\/wp-content\/uploads\/hub-rollstuhl01.jpg","type":"","width":"","height":""}],"twitter_card":"summary_large_image","twitter_misc":{"Estimated reading time":"2 minutes"},"schema":{"@context":"https:\/\/schema.org","@graph":[{"@type":"WebPage","@id":"https:\/\/treppensteiger-treppenraupen.de\/hub-rollstuhl","url":"https:\/\/treppensteiger-treppenraupen.de\/hub-rollstuhl","name":"Hub-Rollstuhl Suprema | komfortabler Rollstuhl der TGR N\u00fcrnberg","isPartOf":{"@id":"https:\/\/treppensteiger-treppenraupen.de\/#website"},"primaryImageOfPage":{"@id":"https:\/\/treppensteiger-treppenraupen.de\/hub-rollstuhl#primaryimage"},"image":{"@id":"https:\/\/treppensteiger-treppenraupen.de\/hub-rollstuhl#primaryimage"},"thumbnailUrl":"https:\/\/treppensteiger-treppenraupen.de\/wp-content\/uploads\/hub-rollstuhl01.jpg","datePublished":"2023-05-02T14:44:35+00:00","dateModified":"2023-05-08T07:46:03+00:00","description":"Bei der TGR GmbH N\u00fcrnberg erhalten Sie den Hub-Rollstuhl Suprema, einen alltagstauglichen, komfortablen und leisen Rollstuhl f\u00fcr den Innenraum","breadcrumb":{"@id":"https:\/\/treppensteiger-treppenraupen.de\/hub-rollstuhl#breadcrumb"},"inLanguage":"en-GB","potentialAction":[{"@type":"ReadAction","target":["https:\/\/treppensteiger-treppenraupen.de\/hub-rollstuhl"]}]},{"@type":"ImageObject","inLanguage":"en-GB","@id":"https:\/\/treppensteiger-treppenraupen.de\/hub-rollstuhl#primaryimage","url":"https:\/\/treppensteiger-treppenraupen.de\/wp-content\/uploads\/hub-rollstuhl01.jpg","contentUrl":"https:\/\/treppensteiger-treppenraupen.de\/wp-content\/uploads\/hub-rollstuhl01.jpg"},{"@type":"BreadcrumbList","@id":"https:\/\/treppensteiger-treppenraupen.de\/hub-rollstuhl#breadcrumb","itemListElement":[{"@type":"ListItem","position":1,"name":"Startseite","item":"https:\/\/treppensteiger-treppenraupen.de\/"},{"@type":"ListItem","position":2,"name":"HUB-ROLLSTUHL"}]},{"@type":"WebSite","@id":"https:\/\/treppensteiger-treppenraupen.de\/#website","url":"https:\/\/treppensteiger-treppenraupen.de\/","name":"TGR GmbH","description":"Deutscher Vertriebspartner des italienischen Herstellers TGR S.r.l.","publisher":{"@id":"https:\/\/treppensteiger-treppenraupen.de\/#organization"},"potentialAction":[{"@type":"SearchAction","target":{"@type":"EntryPoint","urlTemplate":"https:\/\/treppensteiger-treppenraupen.de\/?s={search_term_string}"},"query-input":{"@type":"PropertyValueSpecification","valueRequired":true,"valueName":"search_term_string"}}],"inLanguage":"en-GB"},{"@type":"Organization","@id":"https:\/\/treppensteiger-treppenraupen.de\/#organization","name":"TGR GmbH","url":"https:\/\/treppensteiger-treppenraupen.de\/","logo":{"@type":"ImageObject","inLanguage":"en-GB","@id":"https:\/\/treppensteiger-treppenraupen.de\/#\/schema\/logo\/image\/","url":"https:\/\/treppensteiger-treppenraupen.de\/wp-content\/uploads\/logo-30.png","contentUrl":"https:\/\/treppensteiger-treppenraupen.de\/wp-content\/uploads\/logo-30.png","width":62,"height":91,"caption":"TGR GmbH"},"image":{"@id":"https:\/\/treppensteiger-treppenraupen.de\/#\/schema\/logo\/image\/"}}]}},"_links":{"self":[{"href":"https:\/\/treppensteiger-treppenraupen.de\/en\/wp-json\/wp\/v2\/pages\/1819","targetHints":{"allow":["GET"]}}],"collection":[{"href":"https:\/\/treppensteiger-treppenraupen.de\/en\/wp-json\/wp\/v2\/pages"}],"about":[{"href":"https:\/\/treppensteiger-treppenraupen.de\/en\/wp-json\/wp\/v2\/types\/page"}],"author":[{"embeddable":true,"href":"https:\/\/treppensteiger-treppenraupen.de\/en\/wp-json\/wp\/v2\/users\/1"}],"replies":[{"embeddable":true,"href":"https:\/\/treppensteiger-treppenraupen.de\/en\/wp-json\/wp\/v2\/comments?post=1819"}],"version-history":[{"count":0,"href":"https:\/\/treppensteiger-treppenraupen.de\/en\/wp-json\/wp\/v2\/pages\/1819\/revisions"}],"wp:attachment":[{"href":"https:\/\/treppensteiger-treppenraupen.de\/en\/wp-json\/wp\/v2\/media?parent=1819"}],"curies":[{"name":"wp","href":"https:\/\/api.w.org\/{rel}","templated":true}]}}